{"id":267,"date":"2024-12-09T17:11:06","date_gmt":"2024-12-09T15:11:06","guid":{"rendered":"https:\/\/motoadventuro.eu\/home\/"},"modified":"2026-04-03T18:19:53","modified_gmt":"2026-04-03T16:19:53","slug":"home","status":"publish","type":"page","link":"https:\/\/motoadventuro.eu\/ro\/","title":{"rendered":"Acas\u0103"},"content":{"rendered":"<h2>&nbsp;De ce s\u0103 c\u0103l\u0103tore\u0219ti cu noi?<\/h2>\n<li class=\"translation-block\"><strong>Trasee epice:<\/strong> Navigheaz\u0103 pe trasee off-road palpitante, poteci de p\u0103dure \u0219i drumuri montane sinuoase.<\/li>\n<li><strong>Vederi spectaculoase:<\/strong> C\u0103l\u0103tore\u0219te prin p\u0103duri str\u0103vechi, st\u00e2nci abrupte \u0219i sate alpine idilice.<\/li>\n<li><strong>Ghidaj expert: <\/strong>Condus de ghizi locali experimenta\u021bi care cunosc cele mai bune rute \u0219i comori ascunse.<\/li>\n<li><strong>Experien\u021be autentice:<\/strong> Imerseaz\u0103-te \u00een cultura unic\u0103 a Rom\u00e2niei, viziteaz\u0103 pe\u0219teri, cascade \u0219i obiective locale.<\/li>\n\n\n\n<h2>&nbsp;Tururi 2026<\/h2>\n<p>Am planificat mai multe ture scurte \u0219i una lung\u0103 pentru 2026.\n<\/p>Please check the events posted on our facebook page for more details.\n\n\n\n\nMay 29 &#8211; June 1 | Short Tour (4 spots available)\nJune 22 &#8211; 28 | Long Tour (6 spots available)\nJuly 24 &#8211; 27 | Short Tour (6 spots available)\nAugust 21 &#8211; 24 | Short Tour (6 spots available)\nSeptember 7 &#8211; 13 | Long Tour (6 spots available)\nOctober 09 &#8211; 12 | Short Tour(6 spots available)\n\n<p>Tururi private sau training off-road \/ aventure disponibile la cerere, v\u0103 rug\u0103m s\u0103 ne contacta\u021bi separat de la <strong><a href=\"\/ro\/www.motoadventuro.eu\/contact\/\">Formularul de contact<\/a><\/strong> sau cu detaliile de mai jos:<\/p>\n\n\n<p style=\"text-align: center;\"><span style=\"text-align: center; \">+40746331079<\/span><\/p>\n\n\n\n\n<h2>Despre tururile noastre<\/h2>\n\n\n<h2 id=\"included\">&nbsp;What&#8217;s included<\/h2>\n<li><strong style=\"color: rgb(0, 102, 204);\">Cazare pentru 3 sau 6 nop\u021bi<\/strong> in carefully selected mountain lodges, middle &#8211; top class hotels<\/li>\n<li><strong><span style=\"color:#008a00;\"><span style=\"color:#0066cc;\">Mic dejun, cin\u0103<\/span> <\/span><\/strong>la cazare \u0219i <strong style=\"color: rgb(0, 138, 0);\"><span style=\"color:#0066cc;\">gust\u0103ri<\/span> <\/strong>pe traseu\n<\/li>\n<li>Trasee atent selectate care pot fi parcurse de rideri \u00eencep\u0103tori \u00een off-road \u0219i care pot fi, de asemenea, distractive pentru rideri intermediari sau mai avansa\u021bi.\n<\/li>\n <li>Lungimea aproximativ\u0103 a traseului<span style=\"color:#008a00;\"> <strong><span style=\"color:#0066cc;\">500 km pentru turul scurt, 1000 km pentru turul lung.&nbsp;<\/span>&nbsp;<\/strong><\/span><strong><\/strong>(~65 % offroad)<\/li>\n<li class=\"translation-block\">Atingem cele mai importante loca\u021bii din Mun\u021bii Carpa\u021bi.<\/li>\n<li class=\"translation-block\">Ghid turistic vorbitor de limba englez\u0103 pe tot parcursul turului.<\/li><li class=\"translation-block\">Ghizii no\u0219tri vorbesc \u0219i pu\u021bin <span style=\"color:#0066cc\"><strong>maghiar\u0103, german\u0103, italian\u0103<\/strong><\/span>.<\/li>\n <li class=\"translation-block\"><span style=\"color:#0066cc\"><strong>Trucuri \u0219i sfaturi<\/strong><\/span> pentru riderii \u00eencep\u0103tori \u00een off-road.<\/li>\n <li>Briefing zilnic \u00eenainte de plecare<\/li>\n <li class=\"translation-block\">Disponibilitatea <strong>vehiculului de suport pentru situa\u021bii de urgen\u021b\u0103<\/strong> (cost suplimentar de aproximativ 200 Euro, nu inclus \u00een tur)<\/li>\n<h2 id=\"not_included\">&nbsp;What&#8217;s NOT included<\/h2>\n<li class=\"translation-block\"><span style=\"color:#e60000\"><strong>Asigurare <\/strong><\/span>personal\u0103 \u0219i pentru motociclet\u0103<\/li>\n<li class=\"translation-block\"><span style=\"color:#e60000\"><strong>Costul vehiculului de suport<\/strong><\/span> \u00een caz de urgen\u021b\u0103.<\/li>\n<li><span style=\"color:#e60000;\"><strong>Lunch <\/strong> <\/span><\/span>during the ride, since we ride in remote areas, it is possible that we don\u2019t pass by a good restaurant during the day. <br>That is why we included snacks.<\/li>\n<h2 id=\"need_to_know\">&nbsp;Informa\u021bii importante:<\/h2>\n<li>Perfect pentru rideri de toate nivelele\u2014de la aventurieri experimenta\u021bi p\u00e2n\u0103 la cei care doresc s\u0103 \u00eencerce pentru prima dat\u0103 riding-ul off-road.<\/li>\n<li>Cu toate acestea, riderii trebuie s\u0103 fie preg\u0103ti\u021bi s\u0103 se murd\u0103reasc\u0103 pu\u021bin, mai ales dac\u0103 se preconizeaz\u0103 o perioad\u0103 ploioas\u0103.<\/li>\n<li>Pot fi f\u0103cute varia\u021bii u\u0219oare ale traseului \u00een timpul c\u0103l\u0103toriei pentru a se potrivi nivelului de dificultate cu abilit\u0103\u021bile de riding ale grupului.<\/li>\n<li>Motocicletele trebuie s\u0103 fie \u00eenmatriculate \u0219i asigurate pentru a circula pe drumurile publice.<\/li>\n<li>Riderii trebuie s\u0103 de\u021bin\u0103 un permis de conducere valabil pentru motociclete.<\/li>\n\n\n\n\n\n\n\n\n\n<h2>Cerin\u021be pentru tur<\/h2>\n\n\n\n\n\n\n<h5>&nbsp;Motociclete recomandate:<\/h5>\n<li class=\"translation-block\">Motociclete dual sport, de aventur\u0103 u\u0219oare \u0219i de greutate medie<br>ex. KTM 390\/790\/890 Adventure, 690 Enduro; Suzuki V-Strom, seria DR \/ DRZ; BMW F600-900GS; Yamaha XT, Tenere, seria TT; Honda Transalp, CRF, seria XR; Kawasaki KLE, seria KLR, etc.<\/li>\n<li>Fuel capacity for ~200 km, if your motorcycles range is less try to bring additional fuel (2 &#8211; 4L)<\/li>\n<li style=\"color: rgb(230, 0, 0);\"><strong>Motocicletele de aventur\u0103 mari pot participa \u0219i ele, dac\u0103 riderul are \u00eencredere \u00een abilit\u0103\u021bile sale off-road (BMW R1200, Yamaha SuperTenere, KTM Super Adventure, etc.).<\/strong><\/li>\n\n\n\n\n\n\n\n\n<h5>&nbsp;Anvelope recomandate:<\/h5>\n<li>Este necesar ca anvelope s\u0103 fie cel pu\u021bin 50% pentru off-road (ex. Mitas E07, Heidenau K60 Scout, etc.).<\/li>\n<li>Anvelopele mai orientate spre off-road sunt binevenite (ex. Mitas E09, Michelin Anakee Wild, etc.).<\/li>\n<li style=\"color: rgb(230, 0, 0);\"><strong>Dac\u0103 folose\u0219ti o roat\u0103 cu camer\u0103, adu o camer\u0103 de rezerv\u0103!<\/strong><\/li>\n\n\n\n\n\n\n\n\n<h5>&nbsp;Bagaj recomandat:<\/h5>\n<li>Gen\u021bi laterale din material textil \/ moi,  tail bag sau tank bag.<\/li>\n<li>Rucsac mic pentru drume\u021bii scurte, vizite.<\/li>\n<span style=\"color:#e60000;\"><li><strong>Nu recomand\u0103m s\u0103 aduci topcase sau gen\u021bi laterale rigide.<\/strong><\/li><\/span>\n<li>Estimeaz\u0103 bagajul necesar pentru c\u00e2teva zile de c\u0103l\u0103torie (3-4 zile pentru turul scurt, 7 zile pentru turul lung).<\/li><li>\u00cencerca\u021bi s\u0103 \u00eempacheta\u021bi c\u00e2t mai u\u0219or posibil pentru o experien\u021b\u0103 mai bun\u0103 pe traseu.<\/li>\n<li>Toate caz\u0103rile ofer\u0103 esen\u021bialele necesare.<\/li>\n\n\n\n\n\n\n\n\n<h5>&nbsp;Alte recomand\u0103ri pentru echipament: <\/h5>\n<li>Echipament pentru ploaie<\/li>\n<li>Camer\u0103 de rezerv\u0103 dac\u0103 nu ave\u021bi ro\u021bi tubeless.<\/li>\n<li>Orice unealt\u0103 special\u0103 care ar putea fi necesar\u0103 pentru motocicleta ta pentru a demonta roata \u00een caz de pan\u0103.<\/li>\n<li>Recomand\u0103m cu t\u0103rie asigurarea personal\u0103.<\/li><li>Nu ezita\u021bi s\u0103 ne contacta\u021bi dac\u0103 ave\u021bi \u00eentreb\u0103ri.<\/li>\n\n\n\n\n\n\n<h2>Planul turului<\/h2>\n<h3>&nbsp;Ziua 0 (Joia dup\u0103-amiaza)<\/h3>\n<li>\u00cent\u00e2lnire \u00een Cluj-Napoca joi dup\u0103-amiaza la ora 16:00.<\/li>\n<li>Dac\u0103 aduci motocicleta pe o remorc\u0103 p\u00e2n\u0103 aici, anun\u021b\u0103-ne din timp pentru a putea organiza un loc de parcare adecvat pentru ma\u0219ina \u0219i remorca ta pe durata turului.<\/li>\n<li>Alimentare cu combustibil \u0219i un briefing scurt despre traseu.<\/li>\n<li>C\u0103l\u0103torie din Cluj p\u00e2n\u0103 la poalele Mun\u021bilor Apuseni, cu opriri la c\u00e2teva obiective de-a lungul traseului.<\/li>\n<li>\u00cen func\u021bie de grup, putem urma trasee off-road de dificultate mai mare sau mai mic\u0103.<\/li>\n<li>Approximate ride length 70 &#8211; 100 km with about 40% offroad<\/li>\n<li>Op\u021bional: drume\u021bie scurt\u0103 la un castel medieval \u00een zon\u0103.<\/li>\n<li>Cin\u0103<\/li>\n<h3>&nbsp;Day 1 (Friday)<\/h3>\n<li>Mic dejun<\/li>\n<li>Briefing scurt despre traseul de azi<\/li>\n<li>C\u0103l\u0103torie prin partea estic\u0103 a Mun\u021bilor Apuseni, vizit\u00e2nd unul dintre cele mai \u00eenalte v\u00e2rfuri din zon\u0103, sate din patrimoniul mondial UNESCO \u0219i mine de aur abandonate.<\/li>\n<li>Lungimea aproximativ\u0103 a traseului este de 160 km, cu aproximativ 70% off-road.\n<li>Op\u021bional: drume\u021bie scurt\u0103 la un ecosistem protejat Molha\u0219urile C\u0103p\u0103\u021b\u00e2nei<\/li>\n<li>Op\u021bional: vizit\u0103 la muzeul de minerit din Ro\u0219ia Montan\u0103<\/li>\n<li>Cin\u0103<\/li>\n<h3>&nbsp;Day 2 (Saturday)<\/h3>\n<li>Mic dejun<\/li>\n<li>Briefing scurt despre traseul de azi<\/li>\n<li>C\u0103l\u0103torie prin partea sudic\u0103 a Mun\u021bilor Apuseni, vizit\u00e2nd cel mai \u00eenalt v\u00e2rf al acestora (Vf. Bihorul, Vf G\u0103ina).<\/li>\n<li>Lungimea aproximativ\u0103 a traseului este de 110 km, cu aproximativ 80% off-road.<\/li>\n<li>Op\u021bional: vizit\u0103 la pe\u0219tera ghe\u021barului subteran Sc\u0103ri\u0219oara (\u00een func\u021bie de timpul disponibil).<\/li>\n<li>Cin\u0103<\/li>\n<h3>&nbsp;Day 3 (Sunday)<\/h3>\n<li>Mic dejun<\/li>\n<li>Briefing scurt despre traseul de azi<\/li>\n<li>C\u0103l\u0103torie \u00een inima Mun\u021bilor Apuseni, vizit\u00e2nd unele dintre cele mai izolate \u0219i retrase sate.<\/li>\n<li>Op\u021bional: drume\u021bie \u00een zon\u0103 (Cascada Valul Miresei).<\/li>\n<li>Op\u021bional: vizit\u0103 la Pe\u0219tera Ur\u0219ilor (\u00een func\u021bie de timpul disponibil).<\/li>\n<li>Sosire \u00een Cluj-Napoca, unde ne lu\u0103m r\u0103mas bun.<\/li>\n<li>Lungimea aproximativ\u0103 a traseului este de 180 km, cu aproximativ 60% off-road.<\/li>\n\n\n\n\n\n\n\n\n\n\n\n\n\n\n\n\n\n\n\n\n\n\n<h2>Alte informa\u021bii importante<\/h2>\n\n\n\n\n<h3>&nbsp;Pre\u021b \u0219i plat\u0103<\/h3>\n<li><strong><\/strong>The <strong>price per one rider is 500 Euro<\/strong> and contains everything mentioned in What\u2019s Included.<\/li>\n<li class=\"translation-block\">Plata \u00een <strong>avans de 30%<\/strong> din costul turului este necesar\u0103 pentru a rezerva locul.<\/li>\n<li class=\"translation-block\">Restul de <strong>70%<\/strong> trebuie achitat p\u00e2n\u0103 la 2 s\u0103pt\u0103m\u00e2ni \u00eenainte de tur.<\/li>\n<li class=\"translation-block\"><strong>Anulare gratuit\u0103 p\u00e2n\u0103 la 2 s\u0103pt\u0103m\u00e2ni<\/strong> \u00eenainte de tur.<\/li><li class=\"translation-block\">Pentru anul\u0103rile f\u0103cute dup\u0103 aceast\u0103 perioad\u0103, plata \u00een avans <strong>(30% din costul total) va fi re\u021binut\u0103<\/strong>.<\/li>\n<li><strong>Discounted price<\/strong> if booking for a group of 3 or higher<\/li>\n<li class=\"translation-block\">Pentru metodele de plat\u0103, contacta\u021bi-ne la <a href=\"mailto:contact@motoadventuro.eu\" target=\"_self\">contact@motoadventuro.eu<\/a>.<\/li>\n\n\n<h3>&nbsp;Group prices<\/h3>\n\n3 &#8211; 4 Riders: 450 Euro \/ Rider\n5 &#8211; 6 Riders: 400 Euro \/ Rider\n\n\n\n\n<h3>&nbsp; Limit\u0103 de grup<\/h3>\n<li>2 riders minimum<\/li>\n<li>Preferabil maxim 6 rideri<\/li>\n<li><strong>Dac\u0103 num\u0103rul minim de participan\u021bi nu este atins p\u00e2n\u0103 la 2 s\u0103pt\u0103m\u00e2ni \u00eenainte de tur, v\u0103 vom rambursa integral suma.<\/strong><\/li>\n\n\n\n\n<h2>Our Services<\/h2>\n\n\n\n<p>Lorem ipsum dolor sit amet, consectetuer adipiscing elit. Aenean commodo ligule eget dolor.<\/p>\n\n\n<p>Lorem ipsum dolor sit amet, consectetuer adipiscing elit. Aenean commodo ligule eget dolor.<\/p>\n\n\n<p>Lorem ipsum dolor sit amet, consectetuer adipiscing elit. Aenean commodo ligule eget dolor.<\/p>\n\n\n<p>Lorem ipsum dolor sit amet, consectetuer adipiscing elit. Aenean commodo ligule eget dolor.<\/p>\n\n\n<p>Lorem ipsum dolor sit amet, consectetuer adipiscing elit. Aenean commodo ligule eget dolor.<\/p>\n\n\n<p>Lorem ipsum dolor sit amet, consectetuer adipiscing elit. Aenean commodo ligule eget dolor.<\/p>\n\n\n<p>Lorem ipsum dolor sit amet, consectetuer adipiscing elit. Aenean commodo ligule eget dolor.<\/p>\n\n\n<p>Lorem ipsum dolor sit amet, consectetuer adipiscing elit. Aenean commodo ligule eget dolor.<\/p>\n\n\n\n\n\n\n<h2>Book Now!<\/h2>\n\n\n\n<p>Lorem ipsum dolor sit amet, consectetuer adipiscing elit. Aenean commodo ligule eget dolor. Aenaen massa, Cum soolis natoque penatibus et magnis dis parturient montes nascetur ridiculus mus<\/p>\n\n\n\n\n\n\n\n\n\n\n\n\n<h2>Testimonials<\/h2>","protected":false},"excerpt":{"rendered":"","protected":false},"author":1,"featured_media":0,"parent":0,"menu_order":0,"comment_status":"open","ping_status":"closed","template":"","meta":{"_siteseo_robots_primary_cat":"","pagelayer_contact_templates":[],"_pagelayer_content":"","footnotes":""},"class_list":["post-267","page","type-page","status-publish","hentry"],"_links":{"self":[{"href":"https:\/\/motoadventuro.eu\/ro\/wp-json\/wp\/v2\/pages\/267","targetHints":{"allow":["GET"]}}],"collection":[{"href":"https:\/\/motoadventuro.eu\/ro\/wp-json\/wp\/v2\/pages"}],"about":[{"href":"https:\/\/motoadventuro.eu\/ro\/wp-json\/wp\/v2\/types\/page"}],"author":[{"embeddable":true,"href":"https:\/\/motoadventuro.eu\/ro\/wp-json\/wp\/v2\/users\/1"}],"replies":[{"embeddable":true,"href":"https:\/\/motoadventuro.eu\/ro\/wp-json\/wp\/v2\/comments?post=267"}],"version-history":[{"count":210,"href":"https:\/\/motoadventuro.eu\/ro\/wp-json\/wp\/v2\/pages\/267\/revisions"}],"predecessor-version":[{"id":1430,"href":"https:\/\/motoadventuro.eu\/ro\/wp-json\/wp\/v2\/pages\/267\/revisions\/1430"}],"wp:attachment":[{"href":"https:\/\/motoadventuro.eu\/ro\/wp-json\/wp\/v2\/media?parent=267"}],"curies":[{"name":"wp","href":"https:\/\/api.w.org\/{rel}","templated":true}]}}