{"id":269,"date":"2024-12-09T17:11:06","date_gmt":"2024-12-09T15:11:06","guid":{"rendered":"https:\/\/motoadventuro.eu\/about\/"},"modified":"2025-02-03T12:36:52","modified_gmt":"2025-02-03T10:36:52","slug":"about","status":"publish","type":"page","link":"https:\/\/motoadventuro.eu\/ro\/about\/","title":{"rendered":"Despre noi"},"content":{"rendered":"<h2>F\u0103 cuno\u0219tin\u021b\u0103 cu ghizii<\/h2>\n<li>Ghizii no\u0219tri sunt doi locali cu o vast\u0103 cunoa\u0219tere a traseelor off-road, a drumurilor pitore\u0219ti \u0219i a locurilor secrete.<\/li><li>Pasiunea pentru motocicletele off-road \u0219i explorare i-a inspirat s\u0103 \u00eemp\u0103rt\u0103\u0219easc\u0103 aceste ture cu al\u021bi entuzia\u0219ti.<\/li><li class=\"translation-block\">V\u0103 rug\u0103m s\u0103 \u00eei contacta\u021bi dac\u0103 ave\u021bi \u00eentreb\u0103ri despre tururile noastre folosind <strong><a href=\"\/ro\/www.motoadventuro.eu\/contact\/\" target=\"_self\">Formularul de contact<\/a><\/strong>.<\/li><strong>\n\t\t\t\t\t\n\t\t\t\t<\/strong>\n\n\n\n\n\n\n\n\n\n\n\n\n\n\n\n\n\n\nClick on the image above\n\n\n\n\n<h2>Book Now!<\/h2>\n\n\n\n<p>Lorem ipsum dolor sit amet, consectetuer adipiscing elit. Aenean commodo ligule eget dolor. Aenaen massa, Cum soolis natoque penatibus et magnis dis parturient montes nascetur ridiculus mus<\/p>\n\n\n\n\n\n\n\n\n\n\n\n\n<h2>Testimonials<\/h2>\n\n\n\n\n\n\n\n\n\n\n\n\n\n\n\n\n\n\n\n\n\n\n\n\n\n\n\n\n<h2>Our Gallery<\/h2>\n\n\n<p><br><\/p>","protected":false},"excerpt":{"rendered":"","protected":false},"author":1,"featured_media":0,"parent":0,"menu_order":0,"comment_status":"closed","ping_status":"closed","template":"","meta":{"_siteseo_robots_primary_cat":"","pagelayer_contact_templates":[],"_pagelayer_content":"","footnotes":""},"class_list":["post-269","page","type-page","status-publish","hentry"],"_links":{"self":[{"href":"https:\/\/motoadventuro.eu\/ro\/wp-json\/wp\/v2\/pages\/269","targetHints":{"allow":["GET"]}}],"collection":[{"href":"https:\/\/motoadventuro.eu\/ro\/wp-json\/wp\/v2\/pages"}],"about":[{"href":"https:\/\/motoadventuro.eu\/ro\/wp-json\/wp\/v2\/types\/page"}],"author":[{"embeddable":true,"href":"https:\/\/motoadventuro.eu\/ro\/wp-json\/wp\/v2\/users\/1"}],"replies":[{"embeddable":true,"href":"https:\/\/motoadventuro.eu\/ro\/wp-json\/wp\/v2\/comments?post=269"}],"version-history":[{"count":79,"href":"https:\/\/motoadventuro.eu\/ro\/wp-json\/wp\/v2\/pages\/269\/revisions"}],"predecessor-version":[{"id":1312,"href":"https:\/\/motoadventuro.eu\/ro\/wp-json\/wp\/v2\/pages\/269\/revisions\/1312"}],"wp:attachment":[{"href":"https:\/\/motoadventuro.eu\/ro\/wp-json\/wp\/v2\/media?parent=269"}],"curies":[{"name":"wp","href":"https:\/\/api.w.org\/{rel}","templated":true}]}}