{"id":766,"date":"2024-12-14T15:56:01","date_gmt":"2024-12-14T13:56:01","guid":{"rendered":"https:\/\/motoadventuro.eu\/?page_id=766"},"modified":"2026-04-03T18:20:43","modified_gmt":"2026-04-03T16:20:43","slug":"short-tours","status":"publish","type":"page","link":"https:\/\/motoadventuro.eu\/ro\/short-tours\/","title":{"rendered":"Tururi scurte"},"content":{"rendered":"<h2>&nbsp;Traseul Apuseni<\/h2>\n<strong>\n\t\t\t\t\t\n\t\t\t\t\t<strong>Turul nostru scurt va acoperi cele mai iconice locuri din Mun\u021bii Apuseni:<\/strong>\n<\/strong><li>Cele mai \u00eenalte v\u00e2rfuri din zon\u0103: Muntele Mare, Curcub\u0103ta Mare, Muntele G\u0103ina<\/li>\n<li>Sate emblematice precum Rimetea, Ro\u0219ia Montan\u0103<\/li>\n<li> Castele vechi<\/li>\n\n<li>Turul scurt este ideal pentru tine dac\u0103 ai un program \u00eenc\u0103rcat sau jobul nu \u00ee\u021bi permite prea multe zile libere.<\/li><li>De asemenea, \u00ee\u021bi ofer\u0103 o privire de ansamblu asupra a ceea ce \u00eenseamn\u0103 s\u0103 c\u0103l\u0103tore\u0219ti c\u00e2teva zile off-road, f\u0103r\u0103 a te angaja \u00eentr-o experien\u021b\u0103 de o s\u0103pt\u0103m\u00e2n\u0103 \u00eentreag\u0103.<\/li>\n<strong>\n\t\t\t\t\t\n\t\t\t\t\tTurul scurt ofer\u0103 dou\u0103 op\u021biuni:\n<\/strong><li>\nUn traseu mai u\u0219or, pe drumuri asfaltate \u0219i neasfaltate u\u0219oare, mai potrivit\u0103 pentru riderii off-road \u00eencep\u0103tori.<\/li><li>Un traseu mai dificil, axat\u0103 pe trasee off-road, mai potrivit\u0103 pentru riderii off-road experimenta\u021bi.<\/li><strong> \nV\u0103 rug\u0103m s\u0103 re\u021bine\u021bi ca doua variant\u0103 poate fi mai dificil\u0103 dac\u0103:\n<\/strong><li>Nu ave\u021bi experien\u021b\u0103 anterioar\u0103 off-road.<\/li>\n<li>Conduce\u021bi o motociclet\u0103 grea.<\/li>\n<li>Nu ave\u021bi anvelope de de cel putin 50% off-road.<\/li>\n\nVom stabili de comun acord, \u00een avans, ce traseu vom urma, \u00een func\u021bie de nivelul de experien\u021b\u0103 al grupului.\n\n\n\n<h2>&nbsp;Tururi 2026<\/h2>\n<p>Am planificat c\u00e2teva ture scurte pentru 2026.<br>Te rug\u0103m s\u0103 verifici evenimentele postate pe pagina noastr\u0103 de Facebook pentru mai multe detalii.<\/p>\n\n\n\n\nMay 29 &#8211; June 1 (4 spots available)\nJuly 24 &#8211; 27 (6 spots available)\nAugust 21 &#8211; 24 (6 spots available)\nOctober 09 &#8211; 12 (6 spots available)\n\n<p>Tururi private sau training off-road \/ aventure disponibile la cerere, v\u0103 rug\u0103m s\u0103 ne contacta\u021bi separat de la <strong><a href=\"\/ro\/www.motoadventuro.eu\/contact\/\">Formularul de contact<\/a><\/strong> sau cu detaliile de mai jos:<\/p>\n\n\n<p style=\"text-align: center;\">+40746331079<\/p>\n\n\n\n\n<h2>Planul turului<\/h2>\n<h3>&nbsp;Day 0 &#8211; Thursday afternoon<\/h3>\n<li>\u00cent\u00e2lnire \u00een Cluj-Napoca joi dup\u0103-amiaza la ora 16:00.<\/li>\n<li>Dac\u0103 aduci motocicleta pe o remorc\u0103 p\u00e2n\u0103 aici, anun\u021b\u0103-ne din timp pentru a putea organiza un loc de parcare adecvat pentru ma\u0219ina \u0219i remorca ta pe durata turului.<\/li>\n<li>Alimentare cu combustibil \u0219i un briefing scurt despre traseu.<\/li>\n<li>C\u0103l\u0103torie din Cluj p\u00e2n\u0103 la poalele Mun\u021bilor Apuseni, cu opriri la c\u00e2teva obiective de-a lungul traseului.<\/li>\n<li>\u00cen func\u021bie de grup, putem urma trasee off-road de dificultate mai mare sau mai mic\u0103.<\/li>\n<li>Approximate ride length 70 &#8211; 100 km with about 40% offroad<\/li>\n<li>Op\u021bional: drume\u021bie scurt\u0103 la un castel medieval \u00een zon\u0103.<\/li>\n<li>Cin\u0103<\/li>\n<h3>&nbsp;Day 1 &#8211; Friday<\/h3>\n<li>Mic dejun<\/li>\n<li>Briefing scurt despre traseul de azi<\/li>\n<li>C\u0103l\u0103torie prin partea estic\u0103 a Mun\u021bilor Apuseni, vizit\u00e2nd unul dintre cele mai \u00eenalte v\u00e2rfuri din zon\u0103, sate din patrimoniul mondial UNESCO \u0219i mine de aur abandonate.<\/li><li>Vizit\u0103 la satul scufundat Geam\u0103na, unde po\u021bi admira culorile vibrante \u0219i spectaculoase rezultate \u00een urma activit\u0103\u021bilor miniere.<\/li>\n<li>Lungimea aproximativ\u0103 a traseului este de 160 km, cu aproximativ 70% off-road.\n<\/li><li>Op\u021bional: drume\u021bie scurt\u0103 la un ecosistem protejat Molha\u0219urile C\u0103p\u0103\u021b\u00e2nei<\/li>\n<li>Op\u021bional: vizit\u0103 la muzeul de minerit din Ro\u0219ia Montan\u0103<\/li>\n<li>Cin\u0103<\/li>\n<h3>&nbsp;Day 2 &#8211; Saturday<\/h3>\n<li>Mic dejun<\/li>\n<li>Briefing scurt despre traseul de azi<\/li>\n<li>C\u0103l\u0103torie prin partea sudic\u0103 a Mun\u021bilor Apuseni, vizit\u00e2nd cel mai \u00eenalt v\u00e2rf al acestora (Vf. Bihorul, Vf G\u0103ina).<\/li>\n<li>Lungimea aproximativ\u0103 a traseului este de 110 km, cu aproximativ 80% off-road.<\/li>\n<li>Op\u021bional: vizit\u0103 la pe\u0219tera ghe\u021barului subteran Sc\u0103ri\u0219oara (\u00een func\u021bie de timpul disponibil).<\/li>\n<li>Cin\u0103<\/li>\n<h3>&nbsp;Day 3 &#8211; Sunday<\/h3>\n<li>Mic dejun<\/li>\n<li>Briefing scurt despre traseul de azi<\/li>\n<li>C\u0103l\u0103torie \u00een inima Mun\u021bilor Apuseni, vizit\u00e2nd unele dintre cele mai izolate \u0219i retrase sate.<\/li>\n<li>Op\u021bional: drume\u021bie \u00een zon\u0103 (Cascada Valul Miresei).<\/li>\n<li>Op\u021bional: vizit\u0103 la Pe\u0219tera Ur\u0219ilor (\u00een func\u021bie de timpul disponibil).<\/li>\n<li>Sosire \u00een Cluj-Napoca, unde ne lu\u0103m r\u0103mas bun.<\/li>\n<li>Lungimea aproximativ\u0103 a traseului este de 180 km, cu aproximativ 60% off-road.<\/li>\n\n\n\n\n<h2>Alte informa\u021bii importante<\/h2>\n\n\n\n\n<h3>&nbsp;Pre\u021b \u0219i plat\u0103<\/h3>\n<li>Te rug\u0103m s\u0103 verifici evenimentele postate pe pagina noastr\u0103 de Facebook pentru informa\u021bii despre pre\u021buri.<\/li><li><strong><\/strong>The price&nbsp;contains everything mentioned in <strong><a href=\"https:\/\/motoadventuro.eu\/ro\/#included\">What\u2019s Included<\/a><\/strong> (accommodation, breakfast, dinner).<\/li>\n<li class=\"translation-block\">Plata \u00een <strong>avans de 30%<\/strong> din costul turului este necesar\u0103 pentru a rezerva locul.<\/li>\n<li class=\"translation-block\">Restul de <strong>70%<\/strong> trebuie achitat p\u00e2n\u0103 la 2 s\u0103pt\u0103m\u00e2ni \u00eenainte de tur.<\/li>\n<li class=\"translation-block\"><strong>Anulare gratuit\u0103 p\u00e2n\u0103 la 2 s\u0103pt\u0103m\u00e2ni<\/strong> \u00eenainte de tur.<\/li><li class=\"translation-block\">Pentru anul\u0103rile f\u0103cute dup\u0103 aceast\u0103 perioad\u0103, plata \u00een avans <strong>(30% din costul total) va fi re\u021binut\u0103<\/strong>.<\/li>\n<li class=\"translation-block\">Pentru metodele de plat\u0103, contacta\u021bi-ne la <a href=\"mailto:contact@motoadventuro.eu\" target=\"_self\">contact@motoadventuro.eu<\/a>.<\/li>\n\n\n<h3>&nbsp; Limit\u0103 de grup&nbsp;&nbsp;<\/h3>\n<li>Minim 3 rideri<\/li>\n<li>Preferabil maxim 6 rideri<\/li>\n<li><strong>Dac\u0103 num\u0103rul minim de participan\u021bi nu este atins p\u00e2n\u0103 la 2 s\u0103pt\u0103m\u00e2ni \u00eenainte de tur, v\u0103 vom rambursa integral suma.<\/strong><\/li>\n\n\n\n\n<h2>Ce vei vedea<\/h2>","protected":false},"excerpt":{"rendered":"","protected":false},"author":1,"featured_media":0,"parent":0,"menu_order":0,"comment_status":"open","ping_status":"closed","template":"","meta":{"_siteseo_robots_primary_cat":"","pagelayer_contact_templates":[],"_pagelayer_content":"","footnotes":""},"class_list":["post-766","page","type-page","status-publish","hentry"],"_links":{"self":[{"href":"https:\/\/motoadventuro.eu\/ro\/wp-json\/wp\/v2\/pages\/766","targetHints":{"allow":["GET"]}}],"collection":[{"href":"https:\/\/motoadventuro.eu\/ro\/wp-json\/wp\/v2\/pages"}],"about":[{"href":"https:\/\/motoadventuro.eu\/ro\/wp-json\/wp\/v2\/types\/page"}],"author":[{"embeddable":true,"href":"https:\/\/motoadventuro.eu\/ro\/wp-json\/wp\/v2\/users\/1"}],"replies":[{"embeddable":true,"href":"https:\/\/motoadventuro.eu\/ro\/wp-json\/wp\/v2\/comments?post=766"}],"version-history":[{"count":104,"href":"https:\/\/motoadventuro.eu\/ro\/wp-json\/wp\/v2\/pages\/766\/revisions"}],"predecessor-version":[{"id":1431,"href":"https:\/\/motoadventuro.eu\/ro\/wp-json\/wp\/v2\/pages\/766\/revisions\/1431"}],"wp:attachment":[{"href":"https:\/\/motoadventuro.eu\/ro\/wp-json\/wp\/v2\/media?parent=766"}],"curies":[{"name":"wp","href":"https:\/\/api.w.org\/{rel}","templated":true}]}}