{"id":830,"date":"2024-12-14T23:47:37","date_gmt":"2024-12-14T21:47:37","guid":{"rendered":"https:\/\/motoadventuro.eu\/?page_id=830"},"modified":"2026-04-03T18:22:15","modified_gmt":"2026-04-03T16:22:15","slug":"long-tours","status":"publish","type":"page","link":"https:\/\/motoadventuro.eu\/ro\/long-tours\/","title":{"rendered":"Tururi lungi"},"content":{"rendered":"<h2>&nbsp;Traseul Mun\u021bii Carpa\u021bii<\/h2>\n<strong>\n\t\t\t\t\t\n\t\t\t\t\tTurul nostru lung va acoperi cele mai spectaculoase locuri din Mun\u021bii Carpa\u021bi Orientali \u0219i Meridionali:\n\n<\/strong><li>Cele mai \u00eenalte drumuri montane din Rom\u00e2nia (Transf\u0103g\u0103r\u0103\u0219an, Transalpina \u0219i traseul off-road Strategica).<\/li>\n<li>Peisaje spectaculoase \u0219i zone izolate din regiunea Harghita \u0219i Covasna.<\/li>\n<li> Castele \u0219i fort\u0103re\u021be medievale.<\/li><li>Turul lung este ideal pentru tine dac\u0103 vrei s\u0103 parcurgi aproape \u00een \u00eentregime  Mun\u021bii Carpa\u021bi, \u00eentr-o experien\u021b\u0103 unic\u0103.<\/li>\n<li>Primele 3 zile ale turului urmeaz\u0103 traseul Trans Euro Trail, evit\u00e2nd intr\u0103rile \u00een zone protejate \u0219i rezerva\u021bii naturale.<\/li><li>Partea din acest traseu poate fii dificil pentru riderii off-road \u00eencep\u0103tori, dar aceste zone se pot ocolii dac\u0103 grupul \u00eel solicit\u0103.<\/li>\n<li>Urm\u0103toarele 3 zile se vor concentra mai mult pe pasaje montane \u00eenalte, \u00een majoritate pe drumuri asfaltate, dar \u0219i c\u00e2teva drumuri neasfaltate u\u0219oare.<\/li>\n\n\n\n<h2>Tururi 2026<\/h2>\n<p>Avem planificat turul lung 2026 pentru luna septembrie. Te rug\u0103m s\u0103 verifici evenimentele postate pe pagina noastr\u0103 de Facebook pentru mai multe detalii.<\/p>\n\n\n\n<p>Tururi private sau training off-road \/ aventure disponibile la cerere, v\u0103 rug\u0103m s\u0103 ne contacta\u021bi separat de la <strong><a href=\"\/ro\/www.motoadventuro.eu\/contact\/\">Formularul de contact<\/a><\/strong> sau cu detaliile de mai jos:<\/p>\n\n\n<p style=\"text-align: center;\">+40746331079<\/p>\n\n\n\n\n<h2>Planul turului<\/h2>\n<h3>&nbsp;Day 1 &#8211; Sunday<\/h3>\n<li>Meetup in Cluj Napoca on Sunday morning<\/li>\n<li>Dac\u0103 aduci motocicleta pe o remorc\u0103 p\u00e2n\u0103 aici, anun\u021b\u0103-ne din timp pentru a putea organiza un loc de parcare adecvat pentru ma\u0219ina \u0219i remorca ta pe durata turului.<\/li>\n<li>Alimentare cu combustibil \u0219i un briefing scurt despre traseu.<\/li>\n<li>C\u0103l\u0103torie din Cluj p\u00e2n\u0103 la poalele Mun\u021bilor Orientali, cu opriri la c\u00e2teva obiective de-a lungul traseului.<\/li>\n<li>Cin\u0103<\/li>\n<h3>&nbsp;Day 2 &#8211; Monday<\/h3>\n<li>Mic dejun<\/li>\n<li>Briefing scurt despre traseul de azi<\/li><li>C\u0103l\u0103torie prin Cheile Bicaz<\/li><li>C\u0103l\u0103torie de-a lungul unui frumos creast\u0103 montan\u0103 \u00een jude\u021bul Harghita.<\/li><li>Lungimea aproximativ\u0103 a traseului este de 210 km, cu aproximativ 65% off-road.<\/li><li>Op\u021bional: ture pe pist\u0103 de bob (ne inclus \u00een pre\u021b)<\/li>\n<li>Cin\u0103<\/li>\n<h3>&nbsp;Day 3 &#8211; Tuesday<\/h3>\n<li>Mic dejun<\/li>\n<li>Briefing scurt despre traseul de azi<\/li><li>C\u0103l\u0103torie prin p\u0103duri vaste \u00een cele mai izolate zone ale jude\u021bului Covasna.<\/li><li>Lungimea aproximativ\u0103 a traseului este de 180 km, cu aproximativ 60% off-road.<\/li>\n<li>Cin\u0103<\/li>\n<h3>&nbsp;Day 4 &#8211; Wednesday<\/h3>\n<li>Mic dejun<\/li>\n<li>Briefing scurt despre traseul de azi<\/li><li>C\u0103l\u0103torie prin frumoasa zon\u0103 Tabla Bu\u021bii \u0219i Mun\u021bii Baiului.<\/li><li>Lungimea aproximativ\u0103 a traseului este de 200 km, cu aproximativ 60% off-road.<\/li>\n<li>Cin\u0103<\/li>\n<h3>Day 5 &#8211; Thursday<\/h3>\n<li>Mic dejun<\/li>\n<li>Briefing scurt despre traseul de azi<\/li><li>Op\u021bional: vizit\u0103 la castelul medieval din F\u0103g\u0103ra\u0219.<\/li><li>C\u0103l\u0103torie pe celebrul drum Transf\u0103g\u0103r\u0103\u0219an.<\/li><li>Op\u021bional: drume\u021bie p\u00e2n\u0103 la Castelul Poenari (~30 de minute de drume\u021bie).<\/li><li>Pentru ast\u0103zi, traseul merge \u00een mare parte pe drumuri asfaltate.<\/li><li>Cin\u0103<\/li>\n<h3>&nbsp;Day 6 &#8211; Friday<\/h3>\n<li>Mic dejun<\/li>\n<li>Briefing scurt despre traseul de azi<\/li><li>C\u0103l\u0103torie pe celebrul traseu off-road Strategica.<\/li><li>C\u0103l\u0103torie pe drumul Transalpina (cel mai \u00eenalt drum asfaltat din Rom\u00e2nia).<\/li>\n<li>Cin\u0103<\/li>\n<h3>&nbsp;Day 7 &#8211; Saturday<\/h3>\n<li>Mic dejun<\/li>\n<li>Briefing scurt despre traseul de azi<\/li><li>C\u0103l\u0103torie \u00eenapoi c\u0103tre Cluj-Napoca.<\/li>\n<li>Sosire \u00een Cluj-Napoca, unde ne lu\u0103m r\u0103mas bun.<\/li>\n\n\n\n\n<h2>Alte informa\u021bii importante<\/h2>\n\n\n\n\n<h3>&nbsp;Pre\u021b \u0219i plat\u0103<\/h3>\n<li>Te rug\u0103m s\u0103 verifici evenimentele postate pe pagina noastr\u0103 de Facebook pentru informa\u021bii despre pre\u021buri.<\/li><li><strong><\/strong>The contains everything mentioned in <strong><a href=\"https:\/\/motoadventuro.eu\/ro\/#included\">What\u2019s Included<\/a><\/strong> (accommodation, breakfast, dinner).<\/li>\n<li class=\"translation-block\">Plata \u00een <strong>avans de 30%<\/strong> din costul turului este necesar\u0103 pentru a rezerva locul.<\/li>\n<li class=\"translation-block\">Restul de <strong>70%<\/strong> trebuie achitat p\u00e2n\u0103 la 2 s\u0103pt\u0103m\u00e2ni \u00eenainte de tur.<\/li>\n<li class=\"translation-block\"><strong>Anulare gratuit\u0103 p\u00e2n\u0103 la 2 s\u0103pt\u0103m\u00e2ni<\/strong> \u00eenainte de tur.<\/li><li class=\"translation-block\">Pentru anul\u0103rile f\u0103cute dup\u0103 aceast\u0103 perioad\u0103, plata \u00een avans <strong>(30% din costul total) va fi re\u021binut\u0103<\/strong>.<\/li>\n<li class=\"translation-block\">Pentru metodele de plat\u0103, contacta\u021bi-ne la <a href=\"mailto:contact@motoadventuro.eu\" target=\"_self\">contact@motoadventuro.eu<\/a>.<\/li>\n\n\n<h3>&nbsp; Limit\u0103 de grup<\/h3>\n<li>Minim 3 rideri<\/li>\n<li>Preferabil maxim 6 rideri<\/li>\n<li><strong>Dac\u0103 num\u0103rul minim de participan\u021bi nu este atins p\u00e2n\u0103 la 2 s\u0103pt\u0103m\u00e2ni \u00eenainte de tur, v\u0103 vom rambursa integral suma.<\/strong><\/li>\n\n\n\n\n<h2 style=\"line-height: inherit; text-decoration-style: initial;\">Ce vei vedea<\/h2>","protected":false},"excerpt":{"rendered":"","protected":false},"author":1,"featured_media":0,"parent":0,"menu_order":0,"comment_status":"open","ping_status":"closed","template":"","meta":{"_siteseo_robots_primary_cat":"","pagelayer_contact_templates":[],"_pagelayer_content":"","footnotes":""},"class_list":["post-830","page","type-page","status-publish","hentry"],"_links":{"self":[{"href":"https:\/\/motoadventuro.eu\/ro\/wp-json\/wp\/v2\/pages\/830","targetHints":{"allow":["GET"]}}],"collection":[{"href":"https:\/\/motoadventuro.eu\/ro\/wp-json\/wp\/v2\/pages"}],"about":[{"href":"https:\/\/motoadventuro.eu\/ro\/wp-json\/wp\/v2\/types\/page"}],"author":[{"embeddable":true,"href":"https:\/\/motoadventuro.eu\/ro\/wp-json\/wp\/v2\/users\/1"}],"replies":[{"embeddable":true,"href":"https:\/\/motoadventuro.eu\/ro\/wp-json\/wp\/v2\/comments?post=830"}],"version-history":[{"count":57,"href":"https:\/\/motoadventuro.eu\/ro\/wp-json\/wp\/v2\/pages\/830\/revisions"}],"predecessor-version":[{"id":1432,"href":"https:\/\/motoadventuro.eu\/ro\/wp-json\/wp\/v2\/pages\/830\/revisions\/1432"}],"wp:attachment":[{"href":"https:\/\/motoadventuro.eu\/ro\/wp-json\/wp\/v2\/media?parent=830"}],"curies":[{"name":"wp","href":"https:\/\/api.w.org\/{rel}","templated":true}]}}