{"id":867,"date":"2024-12-17T09:26:05","date_gmt":"2024-12-17T07:26:05","guid":{"rendered":"https:\/\/motoadventuro.eu\/?page_id=867"},"modified":"2025-02-03T11:58:47","modified_gmt":"2025-02-03T09:58:47","slug":"rent","status":"publish","type":"page","link":"https:\/\/motoadventuro.eu\/ro\/rent\/","title":{"rendered":"Rent"},"content":{"rendered":"<h2>\u00cenchiriere motociclete Adventure<\/h2>\n<li>If you don&#8217;t have an adventure bike, our partners from<span style=\"color:#66a3e0;\"> <span style=\"\"><\/span><span style=\"\"><a href=\"https:\/\/transilvaniamotorent.ro\/en\/\" target=\"_blank\"> <strong style=\"color: rgb(0, 102, 204);\">https:\/\/transilvaniamotorent.ro<\/strong><\/a><\/span><a href=\"https:\/\/transilvaniamotorent.ro\"><strong><\/strong><\/a> <\/span>\u00ee\u021bi pot oferi una pentru \u00eenchiriere.<\/li><li>Echipamente de protec\u021bie, bagajele \u0219i accesorii sunt de asemenea disponibile pentru \u00eenchiriere.<\/li><li>Pentru \u00eenchirierea unei motociclete, este necesar s\u0103 depune\u021bi o garan\u021bie.<\/li><li>Garan\u021bia va fi returnat\u0103 la sf\u00e2r\u0219itul perioadei de \u00eenchiriere, dac\u0103 motocicleta este returnat\u0103 f\u0103r\u0103 daune; altfel, o parte din garan\u021bie va fi re\u021binut\u0103 pentru a acoperi costurile de reparare.<\/li><li><b>Dac\u0103 costul repara\u021biilor dep\u0103\u0219e\u0219te garan\u021bia, clientul va fi responsabil pentru plata sumei suplimentare necesare pentru a acoperi daunele.<\/b><\/li><li class=\"translation-block\">C\u00e2nd \u00eenchiria\u021bi pentru tururile noastre, partenerii no\u0219tri ofer\u0103 o <span><strong>reducere de 10%<\/strong><\/span> la pre\u021bul zilnic de \u00eenchiriere.<\/li><li>V\u0103 rug\u0103m s\u0103 verifica\u021bi motocicletele, echipamentele \u0219i accesoriile disponibile pentru \u00eenchiriere mai jos.<\/li>\n\n\n\n\n<h2>Motocicletele disponibile<\/h2>\n\n\n\n\n\n\n<h5>&nbsp; Yamaha XT660Z Tenere<\/h5>\n<li>3 unit\u0103\u021bi disponibile<\/li><li>An: 2008 \u0219i 2011<\/li><li>Motorizare: 4 timpi, 659cc, 48 cp, 5 viteze<\/li><li>Greutate: 206 kg<\/li><li>Anvelope: 50% offroad<\/li><li>Echipament de protec\u021bie: Crash bar, scut, protec\u021bii m\u00e2ini<\/li><li>Extra: \u00cenc\u0103rc\u0103tor telefon USB<\/li><li>Pre\u021b: 100 Euro \/ zi<\/li><li>Garan\u021bie: 1000 Euro<\/li>\n\n\n\n\n\n\n\n\n<h5>&nbsp; Yamaha Tenere 700<\/h5>\n<li>An: 2024<\/li><li>Motorizare: 4 timpi, 689cc, 73 cp, 6 viteze<\/li><li>Greutate: 205 kg<\/li><li>Anvelope: 50% offroad<\/li><li>Echipament de protec\u021bie: Crash bar, scut, protec\u021bii m\u00e2ini<\/li><li>Extra: \u00cenc\u0103rc\u0103tor telefon USB<\/li><li>Pre\u021b: 120 Euro \/ zi<\/li><li>Garan\u021bie: 2000 Euro<\/li>\n\n\n\n\n\n\n\n\n<h5>&nbsp; Honda Transalp 650<\/h5>\n<li>An: 2003<\/li><li>Motorizare: 4 timpi, 647cc, 52 cp, 5 viteze<\/li><li>Greutate: 210 kg<\/li><li>Anvelope: 50% offroad<\/li><li>Echipament de protec\u021bie: Crash bar, protec\u021bii m\u00e2ini<\/li><li>Extra: \u00cenc\u0103rc\u0103tor telefon USB<\/li><li>Pre\u021b: 70 Euro \/ zi<\/li><li>Garan\u021bie: 500 Euro<\/li>\n\n\n\n\n\n\n<h2>Echipamente \u0219i accesorii disponibile<\/h2>\n\n\n\n\n<h3>&nbsp; Echipament de protec\u021bie<\/h3>\n<li>Casc\u0103 Flip-Up<\/li><li>Jachet\u0103 moto pentru toate sezoanele<\/li><li>Pantaloni moto pentru toate sezoanele<\/li><li>Cizme enduro<\/li><li>M\u0103nu\u0219i<\/li>\n\n\n<h3>&nbsp; Bagaje<\/h3>\n<li><span style=\"color: rgb(0, 0, 0);\">Gen\u021bi laterale textile impermeabile ENDURISTAN sau MOOSE RACING<\/span><\/li><li><span style=\"color: rgb(0, 0, 0);\">Tank bag<\/span><\/li><li><span style=\"color: rgb(0, 0, 0);\">Plas\u0103 pt bagaje<\/span><\/li>\n\n\n<h3>&nbsp; Accesorii<\/h3>\n<li><span style=\"color: rgb(0, 0, 0);\">Suport telefon RAM MOUNTS<\/span><\/li><li><span style=\"color: rgb(0, 0, 0);\">Sistem comunicatie CARDO<\/span><\/li>\n\n\n\n\n<h5 style=\"color: rgb(0, 0, 0); background-color: rgb(250, 204, 204);\" class=\"translation-block\">Pre\u021bul de \u00eenchiriere pentru toate echipamentele \u0219i accesoriile se aplic\u0103 pentru \u00eentreaga perioad\u0103 de \u00eenchiriere, fie c\u0103 este vorba de 3 sau 7 zile!<\/h5>","protected":false},"excerpt":{"rendered":"","protected":false},"author":1,"featured_media":0,"parent":0,"menu_order":0,"comment_status":"open","ping_status":"closed","template":"","meta":{"_siteseo_robots_primary_cat":"","pagelayer_contact_templates":[],"_pagelayer_content":"","footnotes":""},"class_list":["post-867","page","type-page","status-publish","hentry"],"_links":{"self":[{"href":"https:\/\/motoadventuro.eu\/ro\/wp-json\/wp\/v2\/pages\/867","targetHints":{"allow":["GET"]}}],"collection":[{"href":"https:\/\/motoadventuro.eu\/ro\/wp-json\/wp\/v2\/pages"}],"about":[{"href":"https:\/\/motoadventuro.eu\/ro\/wp-json\/wp\/v2\/types\/page"}],"author":[{"embeddable":true,"href":"https:\/\/motoadventuro.eu\/ro\/wp-json\/wp\/v2\/users\/1"}],"replies":[{"embeddable":true,"href":"https:\/\/motoadventuro.eu\/ro\/wp-json\/wp\/v2\/comments?post=867"}],"version-history":[{"count":74,"href":"https:\/\/motoadventuro.eu\/ro\/wp-json\/wp\/v2\/pages\/867\/revisions"}],"predecessor-version":[{"id":1310,"href":"https:\/\/motoadventuro.eu\/ro\/wp-json\/wp\/v2\/pages\/867\/revisions\/1310"}],"wp:attachment":[{"href":"https:\/\/motoadventuro.eu\/ro\/wp-json\/wp\/v2\/media?parent=867"}],"curies":[{"name":"wp","href":"https:\/\/api.w.org\/{rel}","templated":true}]}}